{"id":7461,"date":"2024-10-08T15:01:13","date_gmt":"2024-10-08T13:01:13","guid":{"rendered":"https:\/\/cleangroove.shop\/?post_type=product&#038;p=7461"},"modified":"2026-03-29T21:48:58","modified_gmt":"2026-03-29T19:48:58","slug":"pair-of-45turn-brass-vinyl-centring-pins","status":"publish","type":"product","link":"https:\/\/cleangroove.fr\/en\/product\/pair-of-45turn-brass-vinyl-centring-pins\/","title":{"rendered":"La Paire de Centreurs 45 tours Laiton Poli pour Vinyles"},"content":{"rendered":"<h1 class=\"\" data-start=\"225\" data-end=\"284\">\ud83d\udfe1 <strong data-start=\"230\" data-end=\"282\">CleanGroove - 45-turn solid brass centring device<\/strong><\/h1>\n<h3 class=\"\" data-start=\"285\" data-end=\"366\">The essential accessory for a precise, stable and elegant vinyl experience<\/h3>\n<hr class=\"\" data-start=\"368\" data-end=\"371\" \/>\n<h3 class=\"\" data-start=\"373\" data-end=\"445\">\ud83c\udfaf <strong data-start=\"380\" data-end=\"445\">Why choose the CleanGroove 45 rpm brass centring device?<\/strong><\/h3>\n<p class=\"\" data-start=\"447\" data-end=\"889\">Give a second life to your 45 rpm records with this <strong data-start=\"497\" data-end=\"532\">top-of-the-range vinyl adapter<\/strong>. Designed for fans of analogue sound as well as <strong data-start=\"591\" data-end=\"620\">DJs in search of precision<\/strong>the <strong data-start=\"625\" data-end=\"656\">CleanGroove 45 rpm centring unit<\/strong> combines premium design, durable materials and technical performance. This <strong data-start=\"729\" data-end=\"748\">brass centring device<\/strong> stands out for its ideal weight, brilliant finish and ability to transform your vinyl sessions into truly exceptional moments.<\/p>\n<hr class=\"\" data-start=\"891\" data-end=\"894\" \/>\n<h3 class=\"\" data-start=\"896\" data-end=\"945\">\u2699\ufe0f <strong data-start=\"903\" data-end=\"945\">Detailed technical specifications :<\/strong><\/h3>\n<div class=\"group pointer-events-none relative flex justify-center *:pointer-events-auto\">\n<p>&nbsp;<\/p>\n<div class=\"tableContainer horzScrollShadows relative\">\n<table class=\"min-w-full\" data-start=\"947\" data-end=\"1865\">\n<thead data-start=\"947\" data-end=\"1049\">\n<tr data-start=\"947\" data-end=\"1049\">\n<th data-start=\"947\" data-end=\"975\">Features<\/th>\n<th data-start=\"975\" data-end=\"1049\">Detail<\/th>\n<\/tr>\n<\/thead>\n<tbody data-start=\"1153\" data-end=\"1865\">\n<tr data-start=\"1153\" data-end=\"1254\">\n<td class=\"max-w-[calc(var(--thread-content-max-width)*2\/3)]\" data-start=\"1153\" data-end=\"1181\"><strong data-start=\"1155\" data-end=\"1163\">Type<\/strong><\/td>\n<td class=\"max-w-[calc(var(--thread-content-max-width)*2\/3)] min-w-[calc(var(--thread-content-max-width)\/3)]\" data-start=\"1181\" data-end=\"1254\">Centreur 45 tours \u2013 Adaptateur vinyle pour disques 7&Prime;<\/td>\n<\/tr>\n<tr data-start=\"1255\" data-end=\"1355\">\n<td class=\"max-w-[calc(var(--thread-content-max-width)*2\/3)]\" data-start=\"1255\" data-end=\"1283\"><strong data-start=\"1257\" data-end=\"1269\">Material<\/strong><\/td>\n<td class=\"max-w-[calc(var(--thread-content-max-width)*2\/3)] min-w-[calc(var(--thread-content-max-width)\/3)]\" data-start=\"1283\" data-end=\"1355\">Solid brass - anti-corrosion treatment by passivation<\/td>\n<\/tr>\n<tr data-start=\"1356\" data-end=\"1457\">\n<td class=\"max-w-[calc(var(--thread-content-max-width)*2\/3)]\" data-start=\"1356\" data-end=\"1384\"><strong data-start=\"1358\" data-end=\"1367\">Weight<\/strong><\/td>\n<td class=\"max-w-[calc(var(--thread-content-max-width)*2\/3)] min-w-[calc(var(--thread-content-max-width)\/3)]\" data-start=\"1384\" data-end=\"1457\">112 g - heavy-duty centring device for optimum support<\/td>\n<\/tr>\n<tr data-start=\"1458\" data-end=\"1559\">\n<td class=\"max-w-[calc(var(--thread-content-max-width)*2\/3)]\" data-start=\"1458\" data-end=\"1486\"><strong data-start=\"1460\" data-end=\"1474\">Dimensions<\/strong><\/td>\n<td class=\"max-w-[calc(var(--thread-content-max-width)*2\/3)]\" data-start=\"1486\" data-end=\"1559\">\u2205 38 mm x 26 mm (diameter x height)<\/td>\n<\/tr>\n<tr data-start=\"1560\" data-end=\"1661\">\n<td class=\"max-w-[calc(var(--thread-content-max-width)*2\/3)]\" data-start=\"1560\" data-end=\"1588\"><strong data-start=\"1562\" data-end=\"1572\">Design<\/strong><\/td>\n<td class=\"max-w-[calc(var(--thread-content-max-width)*2\/3)] min-w-[calc(var(--thread-content-max-width)\/3)]\" data-start=\"1588\" data-end=\"1661\">Grip notches + centring dome under the base<\/td>\n<\/tr>\n<tr data-start=\"1662\" data-end=\"1763\">\n<td class=\"max-w-[calc(var(--thread-content-max-width)*2\/3)]\" data-start=\"1662\" data-end=\"1690\"><strong data-start=\"1664\" data-end=\"1681\">Compatibility<\/strong><\/td>\n<td class=\"max-w-[calc(var(--thread-content-max-width)*2\/3)] min-w-[calc(var(--thread-content-max-width)\/3)]\" data-start=\"1690\" data-end=\"1763\">Large centre hole - compatible with all standard 45s<\/td>\n<\/tr>\n<tr data-start=\"1764\" data-end=\"1865\">\n<td class=\"max-w-[calc(var(--thread-content-max-width)*2\/3)]\" data-start=\"1764\" data-end=\"1792\"><strong data-start=\"1766\" data-end=\"1778\">Finish<\/strong><\/td>\n<td class=\"max-w-[calc(var(--thread-content-max-width)*2\/3)] min-w-[calc(var(--thread-content-max-width)\/3)]\" data-start=\"1792\" data-end=\"1865\">High-gloss gold brass - top-of-the-range look<\/td>\n<\/tr>\n<\/tbody>\n<\/table>\n<\/div>\n<\/div>\n<hr class=\"\" data-start=\"1867\" data-end=\"1870\" \/>\n<h3 class=\"\" data-start=\"1872\" data-end=\"1898\">\ud83d\udca1 <strong data-start=\"1879\" data-end=\"1898\">Product benefits :<\/strong><\/h3>\n<ul data-start=\"1900\" data-end=\"2307\">\n<li class=\"\" data-start=\"1900\" data-end=\"1981\">\n<p class=\"\" data-start=\"1902\" data-end=\"1981\">\u2705 <strong data-start=\"1904\" data-end=\"1926\">Maximum stability<\/strong> : Avoids needle jumps and parasitic vibrations<\/p>\n<\/li>\n<li class=\"\" data-start=\"1982\" data-end=\"2065\">\n<p class=\"\" data-start=\"1984\" data-end=\"2065\">\u2705 <strong data-start=\"1986\" data-end=\"2005\">Professional handling<\/strong> Practical notches for quick insertion\/extraction<\/p>\n<\/li>\n<li class=\"\" data-start=\"2066\" data-end=\"2137\">\n<p class=\"\" data-start=\"2068\" data-end=\"2137\">\u2705 <strong data-start=\"2070\" data-end=\"2090\">Perfect centring<\/strong> Central dome for fluid positioning<\/p>\n<\/li>\n<li class=\"\" data-start=\"2138\" data-end=\"2225\">\n<p class=\"\" data-start=\"2140\" data-end=\"2225\">\u2705 <strong data-start=\"2142\" data-end=\"2169\">Resistance &amp; aesthetics<\/strong> : A noble, corrosion-resistant and visually chic material<\/p>\n<\/li>\n<li class=\"\" data-start=\"2226\" data-end=\"2307\">\n<p class=\"\" data-start=\"2228\" data-end=\"2307\">\u2705 <strong data-start=\"2230\" data-end=\"2257\">Universal use<\/strong> : Compatible toutes platines et tous disques 7&Prime;<\/p>\n<\/li>\n<\/ul>\n<hr class=\"\" data-start=\"2309\" data-end=\"2312\" \/>\n<h3 class=\"\" data-start=\"2314\" data-end=\"2370\">\ud83d\udd0a <strong data-start=\"2321\" data-end=\"2370\">Designed for DJs, loved by audiophiles<\/strong><\/h3>\n<p class=\"\" data-start=\"2372\" data-end=\"2623\">Whether it's for a club session, listening in an audiophile salon or radio broadcasting, this <strong data-start=\"2473\" data-end=\"2488\">DJ centring device<\/strong> is a must-have. It combines the elegance of a collector's item with the efficiency of a <strong data-start=\"2587\" data-end=\"2622\">professional vinyl accessory<\/strong>.<\/p>\n<hr class=\"\" data-start=\"2625\" data-end=\"2628\" \/>\n<h3 class=\"\" data-start=\"2630\" data-end=\"2656\">\ud83d\udcac <strong data-start=\"2637\" data-end=\"2656\">Expert opinion :<\/strong><\/h3>\n<blockquote data-start=\"2658\" data-end=\"2895\">\n<p class=\"\" data-start=\"2660\" data-end=\"2895\">\u00ab\u00a0Un centreur bien plus qu\u2019utile : il am\u00e9liore r\u00e9ellement la qualit\u00e9 d&rsquo;\u00e9coute des 45 tours. La sensation en main est premium, et sa pr\u00e9cision de centrage fait toute la diff\u00e9rence.\u00a0\u00bb<br data-start=\"2839\" data-end=\"2842\" \/>- DJ Romain B., vinyl collector and technician<\/p>\n<\/blockquote>\n<hr class=\"\" data-start=\"2897\" data-end=\"2900\" \/>\n<h3 class=\"\" data-start=\"2902\" data-end=\"2938\">\ud83d\udce6 <strong data-start=\"2909\" data-end=\"2938\">Included in packaging :<\/strong><\/h3>\n<ul data-start=\"2940\" data-end=\"2993\">\n<li class=\"\" data-start=\"2940\" data-end=\"2993\">\n<p class=\"\" data-start=\"2942\" data-end=\"2993\">1x <strong>Pair<\/strong> <strong data-start=\"2945\" data-end=\"2993\">CleanGroove solid brass vinyl centring device<\/strong><\/p>\n<\/li>\n<\/ul>\n<hr class=\"\" data-start=\"2995\" data-end=\"2998\" \/>\n<h3 class=\"\" data-start=\"3000\" data-end=\"3086\">\ud83d\udc8e <strong data-start=\"3007\" data-end=\"3086\">CleanGroove - When passion for vinyl meets mechanical perfection.<\/strong><\/h3>\n<p class=\"\" data-start=\"3088\" data-end=\"3216\">Restore the rich sound of your 45s with a <strong data-start=\"3147\" data-end=\"3170\">45 rpm adapter<\/strong> designed to last, perform and impress.<\/p>","protected":false},"excerpt":{"rendered":"<p class=\"\" data-start=\"340\" data-end=\"684\">Give your 45 rpm records unrivalled stability and exceptional playback quality with this <strong data-start=\"445\" data-end=\"487\">pair of CleanGroove vinyl centring tools<\/strong> at <strong data-start=\"491\" data-end=\"508\">solid brass<\/strong>. Designed for <strong data-start=\"526\" data-end=\"548\">Professional DJs<\/strong>for discerning audiophiles and passionate collectors. <strong data-start=\"615\" data-end=\"637\">45 rpm centring machines<\/strong> combine performance, durability and aesthetics.<\/p>\n<p class=\"\" data-start=\"686\" data-end=\"934\">Each <strong data-start=\"693\" data-end=\"712\">brass centring device<\/strong> is made from a noble material that has been carefully passivated to protect it from corrosion. This treatment ensures <strong data-start=\"841\" data-end=\"863\">optimum durability<\/strong>The result is a brilliant, elegant finish for your turntable.<\/p>\n<p class=\"\" data-start=\"936\" data-end=\"1255\">The heavy weight of 112 g per <strong data-start=\"964\" data-end=\"987\">45 rpm adapter<\/strong> provides a firm, stable hold on the disc during playback, eliminating unwanted vibrations. The ergonomic design incorporates side notches for easy handling and a centring dome for instant positioning on the turntable spindle.<\/p>\n<hr class=\"\" data-start=\"1257\" data-end=\"1260\" \/>\n<h3 class=\"\" data-start=\"1262\" data-end=\"1297\">\u2705 Technical specifications :<\/h3>\n<ul data-start=\"1299\" data-end=\"1791\">\n<li class=\"\" data-start=\"1299\" data-end=\"1380\">\n<p class=\"\" data-start=\"1301\" data-end=\"1380\"><strong data-start=\"1301\" data-end=\"1309\">Type<\/strong> Pair of 45 rpm centring wheels - <strong data-start=\"1342\" data-end=\"1364\">vinyl adapters<\/strong> pour disques 7&Prime;<\/p>\n<\/li>\n<li class=\"\" data-start=\"1381\" data-end=\"1447\">\n<p class=\"\" data-start=\"1383\" data-end=\"1447\"><strong data-start=\"1383\" data-end=\"1395\">Material<\/strong> Solid brass with anti-corrosion treatment (passivation)<\/p>\n<\/li>\n<li class=\"\" data-start=\"1448\" data-end=\"1522\">\n<p class=\"\" data-start=\"1450\" data-end=\"1522\"><strong data-start=\"1450\" data-end=\"1459\">Weight<\/strong> 112 g per <strong data-start=\"1472\" data-end=\"1492\">heavy centres<\/strong> - for maximum stability<\/p>\n<\/li>\n<li class=\"\" data-start=\"1523\" data-end=\"1578\">\n<p class=\"\" data-start=\"1525\" data-end=\"1578\"><strong data-start=\"1525\" data-end=\"1539\">Dimensions<\/strong> : \u2205 38 mm x 26 mm (diameter x height)<\/p>\n<\/li>\n<li class=\"\" data-start=\"1579\" data-end=\"1660\">\n<p class=\"\" data-start=\"1581\" data-end=\"1660\"><strong data-start=\"1581\" data-end=\"1603\">Ergonomic design<\/strong> Grip notches + centring dome under the base<\/p>\n<\/li>\n<li class=\"\" data-start=\"1661\" data-end=\"1731\">\n<p class=\"\" data-start=\"1663\" data-end=\"1731\"><strong data-start=\"1663\" data-end=\"1680\">Compatibility<\/strong> Large central hole - for all standard 45Ts<\/p>\n<\/li>\n<li class=\"\" data-start=\"1732\" data-end=\"1791\">\n<p class=\"\" data-start=\"1734\" data-end=\"1791\"><strong data-start=\"1734\" data-end=\"1746\">Finish<\/strong> Gold-plated brass - shiny, durable and elegant<\/p>\n<\/li>\n<\/ul>\n<hr class=\"\" data-start=\"1793\" data-end=\"1796\" \/>\n<h3 class=\"\" data-start=\"1798\" data-end=\"1858\">\ud83c\udfa7 The ideal accessory for DJs and vinyl lovers<\/h3>\n<p class=\"\" data-start=\"1860\" data-end=\"2125\">Whether you're in the middle of a live performance or immersed in a listening session at home, this <strong data-start=\"1954\" data-end=\"1969\">DJ centring device<\/strong> guarantees perfect alignment and incomparable playback fluidity. Its build quality makes it a real asset to any serious audio setup.<\/p>\n<hr class=\"\" data-start=\"2127\" data-end=\"2130\" \/>\n<h3 class=\"\" data-start=\"2132\" data-end=\"2148\">\ud83d\udce6 Contents :<\/h3>\n<ul data-start=\"2149\" data-end=\"2203\">\n<li class=\"\" data-start=\"2149\" data-end=\"2203\">\n<p class=\"\" data-start=\"2151\" data-end=\"2203\">2x <strong data-start=\"2154\" data-end=\"2186\">CleanGroove vinyl centreers<\/strong> in solid brass<\/p>\n<\/li>\n<\/ul>\n<hr class=\"\" data-start=\"2205\" data-end=\"2208\" \/>\n<h3 class=\"\" data-start=\"2210\" data-end=\"2270\">\ud83d\udc8e CleanGroove - The <strong data-start=\"2234\" data-end=\"2253\">brass centring device<\/strong> built to last<\/h3>\n<p class=\"\" data-start=\"2272\" data-end=\"2433\">Raise each sheet with a <strong data-start=\"2301\" data-end=\"2322\">45 rpm centring machine<\/strong> combining solidity, aesthetics and precision. A <strong data-start=\"2369\" data-end=\"2392\">45 rpm adapter<\/strong> to enhance your records.<\/p>","protected":false},"featured_media":7466,"comment_status":"open","ping_status":"closed","template":"","meta":{"_acf_changed":false,"inline_featured_image":false},"product_brand":[],"product_cat":[252,235],"product_tag":[36,38],"class_list":{"0":"post-7461","1":"product","2":"type-product","3":"status-publish","4":"has-post-thumbnail","6":"product_cat-accessoires-pour-vinyles","7":"product_cat-centreur-45trs","8":"product_tag-45trs","9":"product_tag-38","10":"pa_format-single-45trs","12":"first","13":"instock","14":"shipping-taxable","15":"purchasable","16":"product-type-simple"},"acf":[],"_links":{"self":[{"href":"https:\/\/cleangroove.fr\/en\/wp-json\/wp\/v2\/product\/7461","targetHints":{"allow":["GET"]}}],"collection":[{"href":"https:\/\/cleangroove.fr\/en\/wp-json\/wp\/v2\/product"}],"about":[{"href":"https:\/\/cleangroove.fr\/en\/wp-json\/wp\/v2\/types\/product"}],"replies":[{"embeddable":true,"href":"https:\/\/cleangroove.fr\/en\/wp-json\/wp\/v2\/comments?post=7461"}],"version-history":[{"count":9,"href":"https:\/\/cleangroove.fr\/en\/wp-json\/wp\/v2\/product\/7461\/revisions"}],"predecessor-version":[{"id":9134,"href":"https:\/\/cleangroove.fr\/en\/wp-json\/wp\/v2\/product\/7461\/revisions\/9134"}],"wp:featuredmedia":[{"embeddable":true,"href":"https:\/\/cleangroove.fr\/en\/wp-json\/wp\/v2\/media\/7466"}],"wp:attachment":[{"href":"https:\/\/cleangroove.fr\/en\/wp-json\/wp\/v2\/media?parent=7461"}],"wp:term":[{"taxonomy":"product_brand","embeddable":true,"href":"https:\/\/cleangroove.fr\/en\/wp-json\/wp\/v2\/product_brand?post=7461"},{"taxonomy":"product_cat","embeddable":true,"href":"https:\/\/cleangroove.fr\/en\/wp-json\/wp\/v2\/product_cat?post=7461"},{"taxonomy":"product_tag","embeddable":true,"href":"https:\/\/cleangroove.fr\/en\/wp-json\/wp\/v2\/product_tag?post=7461"}],"curies":[{"name":"wp","href":"https:\/\/api.w.org\/{rel}","templated":true}]}}