{"id":6150,"date":"2023-07-01T00:19:02","date_gmt":"2023-06-30T22:19:02","guid":{"rendered":"https:\/\/cleangroove.shop\/?post_type=product&#038;p=6150"},"modified":"2026-02-02T08:04:19","modified_gmt":"2026-02-02T07:04:19","slug":"300-vinyl-sleeves-12","status":"publish","type":"product","link":"https:\/\/cleangroove.fr\/en\/product\/300-vinyl-sleeves-12\/","title":{"rendered":"300 Vinyl Pockets (PE-HD) 33T\/LP (12\u2033) (127Micron)"},"content":{"rendered":"<h2 class=\"\" data-start=\"193\" data-end=\"290\">\ud83c\udfb6 <strong data-start=\"199\" data-end=\"290\">Sous pochettes vinyles PEHD 12&Prime; \u2013 Haute qualit\u00e9 antistatique | Lot de 300 | CleanGroove<\/strong><\/h2>\n<p class=\"\" data-start=\"292\" data-end=\"729\">Give your LP vinyl records the best possible protection with the <strong data-start=\"362\" data-end=\"405\">CleanGroove HDPE vinyl sleeves<\/strong>designed for music lovers, discerning collectors and record professionals. Made from <strong data-start=\"525\" data-end=\"562\">high-density polyethylene (HDPE)<\/strong>these <strong data-start=\"568\" data-end=\"605\">pochettes int\u00e9rieures vinyles 12&Prime;<\/strong> combine durability, flexibility and anti-static protection to preserve your 33 rpm vinyl records in optimum condition.<\/p>\n<p class=\"\" data-start=\"731\" data-end=\"1046\">Each <strong data-start=\"738\" data-end=\"765\">on LP vinyl sleeve<\/strong> est d\u00e9coup\u00e9e avec pr\u00e9cision au format standard 12&Prime;, avec des dimensions de <strong data-start=\"841\" data-end=\"857\">307 x 307 mm<\/strong>, s&rsquo;adaptant parfaitement \u00e0 tous vos disques et \u00e0 nos <strong data-start=\"911\" data-end=\"948\">CleanGroove\u00ae external pockets<\/strong>. Their careful design allows the disc to slide smoothly without friction or risk of scratching.<\/p>\n<hr class=\"\" data-start=\"1048\" data-end=\"1051\" \/>\n<h3 class=\"\" data-start=\"1053\" data-end=\"1120\">\u2705 <strong data-start=\"1059\" data-end=\"1120\">The benefits of CleanGroove HDPE vinyl sleeves<\/strong><\/h3>\n<h4 class=\"\" data-start=\"1122\" data-end=\"1172\">\ud83d\udd39 <strong data-start=\"1130\" data-end=\"1172\">Greater thickness: 127 microns<\/strong><\/h4>\n<p class=\"\" data-start=\"1173\" data-end=\"1539\">Unlike most conventional inner pockets, which are often limited to 80 or 90 microns, our <strong data-start=\"1280\" data-end=\"1311\">in HDPE vinyl sleeves<\/strong> show a <strong data-start=\"1326\" data-end=\"1354\">127 micron thickness<\/strong>a guarantee of quality and durability. This increased density effectively protects your discs against external aggression: dust, humidity, rubbing or repeated handling.<\/p>\n<h4 class=\"\" data-start=\"1541\" data-end=\"1588\">\ud83d\udd39 <strong data-start=\"1549\" data-end=\"1588\">A professional material: HDPE<\/strong><\/h4>\n<p class=\"\" data-start=\"1589\" data-end=\"2007\">The <strong data-start=\"1592\" data-end=\"1629\">high-density polyethylene (HDPE)<\/strong> is a high-performance plastic used in applications requiring strength and reliability. It is naturally <strong data-start=\"1751\" data-end=\"1804\">flexible, acid-free, odourless and weather-resistant<\/strong>which makes it the ideal material for <strong data-start=\"1848\" data-end=\"1885\">pochettes int\u00e9rieures vinyles 12&Prime;<\/strong>. It doesn't stick to the disc, doesn't wrinkle easily, and retains its shape even after hundreds of handlings.<\/p>\n<h4 class=\"\" data-start=\"2009\" data-end=\"2054\">\ud83d\udd39 <strong data-start=\"2017\" data-end=\"2054\">Integrated antistatic technology<\/strong><\/h4>\n<p class=\"\" data-start=\"2055\" data-end=\"2359\">One of the great enemies of vinyl records is static electricity, which attracts dust and impurities. Thanks to their <strong data-start=\"2186\" data-end=\"2202\">antistatic<\/strong>these <strong data-start=\"2208\" data-end=\"2249\">in anti-static vinyl sleeves<\/strong> minimise this phenomenon, reducing the risk of crackling or sound deterioration during playback.<\/p>\n<h4 class=\"\" data-start=\"2361\" data-end=\"2409\">\ud83d\udd39 <strong data-start=\"2369\" data-end=\"2409\">Compatible with all LP vinyls<\/strong><\/h4>\n<p class=\"\" data-start=\"2410\" data-end=\"2673\">With their universal <strong data-start=\"2440\" data-end=\"2459\">307 mm x 307 mm<\/strong>These pouches are compatible with <strong data-start=\"2497\" data-end=\"2545\">all LP 12-inch cardboard sleeves<\/strong>whatever their thickness. They slide perfectly inside, leaving the disc perfectly protected.<\/p>\n<hr class=\"\" data-start=\"2675\" data-end=\"2678\" \/>\n<h3 class=\"\" data-start=\"2680\" data-end=\"2720\">\ud83d\udce6 <strong data-start=\"2687\" data-end=\"2720\">Technical specifications :<\/strong><\/h3>\n<ul data-start=\"2722\" data-end=\"3226\">\n<li class=\"\" data-start=\"2722\" data-end=\"2775\">\n<p class=\"\" data-start=\"2724\" data-end=\"2775\"><strong data-start=\"2724\" data-end=\"2735\">Product<\/strong> : <strong data-start=\"2738\" data-end=\"2769\">HDPE vinyl sleeves<\/strong> 12&Prime;<\/p>\n<\/li>\n<li class=\"\" data-start=\"2776\" data-end=\"2842\">\n<p class=\"\" data-start=\"2778\" data-end=\"2842\"><strong data-start=\"2778\" data-end=\"2786\">Type<\/strong> : <strong data-start=\"2789\" data-end=\"2840\">Pochettes int\u00e9rieures vinyles 12&Prime; antistatiques<\/strong><\/p>\n<\/li>\n<li class=\"\" data-start=\"2843\" data-end=\"2886\">\n<p class=\"\" data-start=\"2845\" data-end=\"2886\"><strong data-start=\"2845\" data-end=\"2855\">Format<\/strong> 307 x 307 mm (standard LP)<\/p>\n<\/li>\n<li class=\"\" data-start=\"2887\" data-end=\"2918\">\n<p class=\"\" data-start=\"2889\" data-end=\"2918\"><strong data-start=\"2889\" data-end=\"2902\">Thickness<\/strong> : 127 microns<\/p>\n<\/li>\n<li class=\"\" data-start=\"2919\" data-end=\"2971\">\n<p class=\"\" data-start=\"2921\" data-end=\"2971\"><strong data-start=\"2921\" data-end=\"2933\">Material<\/strong> HDPE (high density polyethylene)<\/p>\n<\/li>\n<li class=\"\" data-start=\"2972\" data-end=\"3041\">\n<p class=\"\" data-start=\"2974\" data-end=\"3041\"><strong data-start=\"2974\" data-end=\"2988\">Properties<\/strong> Antistatic, resistant, acid-free, odourless<\/p>\n<\/li>\n<li class=\"\" data-start=\"3042\" data-end=\"3095\">\n<p class=\"\" data-start=\"3044\" data-end=\"3095\"><strong data-start=\"3044\" data-end=\"3061\">Compatibility<\/strong> 33 rpm \/ LP vinyl records<\/p>\n<\/li>\n<li class=\"\" data-start=\"3096\" data-end=\"3136\">\n<p class=\"\" data-start=\"3098\" data-end=\"3136\"><strong data-start=\"3098\" data-end=\"3110\">Quantity<\/strong> : <strong data-start=\"3113\" data-end=\"3134\">Batch of 300 pieces<\/strong><\/p>\n<\/li>\n<li class=\"\" data-start=\"3137\" data-end=\"3226\">\n<p class=\"\" data-start=\"3139\" data-end=\"3226\"><strong data-start=\"3139\" data-end=\"3154\">Use<\/strong> Archiving, long-term protection, professional or domestic use<\/p>\n<\/li>\n<\/ul>\n<hr class=\"\" data-start=\"3228\" data-end=\"3231\" \/>\n<h3 class=\"\" data-start=\"3233\" data-end=\"3274\">\ud83c\udfa7 <strong data-start=\"3240\" data-end=\"3274\">Why choose CleanGroove?<\/strong><\/h3>\n<p class=\"\" data-start=\"3276\" data-end=\"3734\">At CleanGroove, we're committed to offering professional-quality products for all vinyl enthusiasts. Our <strong data-start=\"3405\" data-end=\"3436\">in HDPE vinyl sleeves<\/strong> are the result of a quest for performance, practicality and longevity. We know just how much sentimental or historical value each record can have, which is why we've designed these <strong data-start=\"3641\" data-end=\"3678\">pochettes int\u00e9rieures vinyles 12&Prime;<\/strong> with the best materials available on the market.<\/p>\n<p class=\"\" data-start=\"3736\" data-end=\"4051\">Whether you're a record dealer, DJ, collector or simply a lover of analogue sound, you'll appreciate the <strong data-start=\"3843\" data-end=\"3907\">durability, softness to the touch and antistatic effectiveness<\/strong> of these <strong data-start=\"3915\" data-end=\"3943\">LP vinyl sleeves<\/strong>. It's a smart investment to prolong the life of your discs and preserve their sound quality.<\/p>\n<hr class=\"\" data-start=\"4053\" data-end=\"4056\" \/>\n<h3 class=\"\" data-start=\"4058\" data-end=\"4130\">\ud83d\udc8e <strong data-start=\"4065\" data-end=\"4130\">CleanGroove - The benchmark for protecting your vinyl.<\/strong><\/h3>\n<p class=\"\" data-start=\"4132\" data-end=\"4437\">Don't leave the longevity of your collection to chance. With this <strong data-start=\"4210\" data-end=\"4270\">pack of 300 HDPE vinyl anti-static bags<\/strong>Give each disc a top-of-the-range protective envelope. Handling comfort, storage security and listening quality will be all the better for it.<\/p>","protected":false},"excerpt":{"rendered":"<h3 class=\"\" data-start=\"245\" data-end=\"342\">\ud83e\uddca <strong data-start=\"252\" data-end=\"342\">Sous Pochettes Vinyles PEHD 12&Prime; \u2013 127 Microns Antistatiques | Lot de 300 | CleanGroove<\/strong><\/h3>\n<p class=\"\" data-start=\"344\" data-end=\"766\">Protect your disks with this <strong data-start=\"373\" data-end=\"415\">pack of 300 HDPE vinyl sleeves<\/strong> specially designed to offer a high level of comfort <strong data-start=\"468\" data-end=\"509\">professional, long-lasting protection<\/strong> to your 33 rpm albums. Made of <strong data-start=\"547\" data-end=\"584\">high-density polyethylene (HDPE)<\/strong>these <strong data-start=\"590\" data-end=\"627\">pochettes int\u00e9rieures vinyles 12&Prime;<\/strong> are much thicker and stronger than the market standard, with a thickness of <strong data-start=\"718\" data-end=\"733\">127 microns<\/strong> compared with the usual 90 microns.<\/p>\n<p class=\"\" data-start=\"768\" data-end=\"1078\">These <strong data-start=\"772\" data-end=\"800\">LP vinyl sleeves<\/strong> are flexible, robust and <strong data-start=\"827\" data-end=\"845\">anti-static<\/strong>Ideal for limiting dust build-up and preserving the condition of your records over time. They slide easily inside your cardboard sleeves without scratching the vinyl, while ensuring a perfect fit. <strong data-start=\"1057\" data-end=\"1077\">excellent hold<\/strong>.<\/p>\n<h4 class=\"\" data-start=\"1080\" data-end=\"1105\">\u2705 Features :<\/h4>\n<ul data-start=\"1106\" data-end=\"1673\">\n<li class=\"\" data-start=\"1106\" data-end=\"1199\">\n<p class=\"\" data-start=\"1108\" data-end=\"1199\"><strong data-start=\"1108\" data-end=\"1116\">Type<\/strong> : <strong data-start=\"1119\" data-end=\"1150\">HDPE vinyl sleeves<\/strong> - interior protection for 12-inch vinyl<\/p>\n<\/li>\n<li class=\"\" data-start=\"1200\" data-end=\"1254\">\n<p class=\"\" data-start=\"1202\" data-end=\"1254\"><strong data-start=\"1202\" data-end=\"1216\">Dimensions<\/strong> 307 x 307 mm - standard LP format<\/p>\n<\/li>\n<li class=\"\" data-start=\"1255\" data-end=\"1336\">\n<p class=\"\" data-start=\"1257\" data-end=\"1336\"><strong data-start=\"1257\" data-end=\"1270\">Thickness<\/strong> 127 microns - much thicker than conventional pouches<\/p>\n<\/li>\n<li class=\"\" data-start=\"1337\" data-end=\"1424\">\n<p class=\"\" data-start=\"1339\" data-end=\"1424\"><strong data-start=\"1339\" data-end=\"1351\">Material<\/strong> : <strong data-start=\"1354\" data-end=\"1391\">High-density polyethylene (HDPE)<\/strong> - flexible, strong, long-lasting<\/p>\n<\/li>\n<li class=\"\" data-start=\"1425\" data-end=\"1535\">\n<p class=\"\" data-start=\"1427\" data-end=\"1535\"><strong data-start=\"1427\" data-end=\"1441\">Properties<\/strong> : <strong data-start=\"1444\" data-end=\"1485\">Anti-static vinyl sleeves<\/strong> - reduces dust and static electricity<\/p>\n<\/li>\n<li class=\"\" data-start=\"1536\" data-end=\"1575\">\n<p class=\"\" data-start=\"1538\" data-end=\"1575\"><strong data-start=\"1538\" data-end=\"1550\">Quantity<\/strong> : Pack of 300 pouches<\/p>\n<\/li>\n<li class=\"\" data-start=\"1576\" data-end=\"1673\">\n<p class=\"\" data-start=\"1578\" data-end=\"1673\"><strong data-start=\"1578\" data-end=\"1595\">Compatibility<\/strong> : Suitable for all CleanGroove external pockets and LP standards<\/p>\n<\/li>\n<\/ul>\n<p class=\"\" data-start=\"1675\" data-end=\"1780\">\ud83c\udfb5 <em data-start=\"1678\" data-end=\"1780\">The essential accessory for all vinyl enthusiasts, audiophiles and discerning record dealers.<\/em><\/p>\n<p class=\"\" data-start=\"1782\" data-end=\"1837\">\ud83d\udc8e <strong data-start=\"1785\" data-end=\"1837\">CleanGroove - The pro choice for your vinyl LPs.<\/strong><\/p>","protected":false},"featured_media":6157,"comment_status":"open","ping_status":"closed","template":"","meta":{"_acf_changed":false,"inline_featured_image":false},"product_brand":[],"product_cat":[252,40],"product_tag":[254,253,39],"class_list":{"0":"post-6150","1":"product","2":"type-product","3":"status-publish","4":"has-post-thumbnail","6":"product_cat-accessoires-pour-vinyles","7":"product_cat-pochette-vinyle","8":"product_tag-254","9":"product_tag-33trs","10":"product_tag-pochette-vinyle","11":"pa_format-single-45trs","12":"pa_quantity-100-pieces","13":"pa_quantity-50-pieces","15":"first","16":"instock","17":"shipping-taxable","18":"purchasable","19":"product-type-simple"},"acf":[],"_links":{"self":[{"href":"https:\/\/cleangroove.fr\/en\/wp-json\/wp\/v2\/product\/6150","targetHints":{"allow":["GET"]}}],"collection":[{"href":"https:\/\/cleangroove.fr\/en\/wp-json\/wp\/v2\/product"}],"about":[{"href":"https:\/\/cleangroove.fr\/en\/wp-json\/wp\/v2\/types\/product"}],"replies":[{"embeddable":true,"href":"https:\/\/cleangroove.fr\/en\/wp-json\/wp\/v2\/comments?post=6150"}],"version-history":[{"count":7,"href":"https:\/\/cleangroove.fr\/en\/wp-json\/wp\/v2\/product\/6150\/revisions"}],"predecessor-version":[{"id":9135,"href":"https:\/\/cleangroove.fr\/en\/wp-json\/wp\/v2\/product\/6150\/revisions\/9135"}],"wp:featuredmedia":[{"embeddable":true,"href":"https:\/\/cleangroove.fr\/en\/wp-json\/wp\/v2\/media\/6157"}],"wp:attachment":[{"href":"https:\/\/cleangroove.fr\/en\/wp-json\/wp\/v2\/media?parent=6150"}],"wp:term":[{"taxonomy":"product_brand","embeddable":true,"href":"https:\/\/cleangroove.fr\/en\/wp-json\/wp\/v2\/product_brand?post=6150"},{"taxonomy":"product_cat","embeddable":true,"href":"https:\/\/cleangroove.fr\/en\/wp-json\/wp\/v2\/product_cat?post=6150"},{"taxonomy":"product_tag","embeddable":true,"href":"https:\/\/cleangroove.fr\/en\/wp-json\/wp\/v2\/product_tag?post=6150"}],"curies":[{"name":"wp","href":"https:\/\/api.w.org\/{rel}","templated":true}]}}