{"id":6083,"date":"2023-06-19T20:17:35","date_gmt":"2023-06-19T18:17:35","guid":{"rendered":"https:\/\/cleangroove.shop\/?page_id=6083"},"modified":"2023-06-19T20:29:34","modified_gmt":"2023-06-19T18:29:34","slug":"general-terms-and-conditions-of-sale","status":"publish","type":"page","link":"https:\/\/cleangroove.fr\/en\/general-terms-and-conditions-of-sale\/","title":{"rendered":"General terms and conditions of sale and guarantees"},"content":{"rendered":"<div data-elementor-type=\"wp-page\" data-elementor-id=\"6083\" class=\"elementor elementor-6083\" data-elementor-post-type=\"page\">\n\t\t\t\t<div class=\"elementor-element elementor-element-3aa329fa e-con-full e-flex e-con e-parent\" data-id=\"3aa329fa\" data-element_type=\"container\" data-settings=\"{&quot;background_background&quot;:&quot;classic&quot;}\">\n\t\t\t\t<\/div>\n\t\t<div class=\"elementor-element elementor-element-c23aba6 e-con-full e-flex e-con e-parent\" data-id=\"c23aba6\" data-element_type=\"container\">\n\t\t\t\t<div class=\"elementor-element elementor-element-7330c9a4 elementor-widget__width-inherit elementor-widget elementor-widget-woocommerce-breadcrumb\" data-id=\"7330c9a4\" data-element_type=\"widget\" data-widget_type=\"woocommerce-breadcrumb.default\">\n\t\t\t\t<div class=\"elementor-widget-container\">\n\t\t\t\t\t<nav class=\"woocommerce-breadcrumb\" aria-label=\"Breadcrumb\" data-no-translation=\"\" data-trp-gettext=\"\">Accueil<\/nav>\t\t\t\t<\/div>\n\t\t\t\t<\/div>\n\t\t\t\t<\/div>\n\t\t\t\t<section class=\"elementor-section elementor-top-section elementor-element elementor-element-393e1a25 elementor-section-boxed elementor-section-height-default elementor-section-height-default\" data-id=\"393e1a25\" data-element_type=\"section\">\n\t\t\t\t\t\t<div class=\"elementor-container elementor-column-gap-default\">\n\t\t\t\t\t<div class=\"elementor-column elementor-col-100 elementor-top-column elementor-element elementor-element-23d65ee9\" data-id=\"23d65ee9\" data-element_type=\"column\">\n\t\t\t<div class=\"elementor-widget-wrap elementor-element-populated\">\n\t\t\t\t\t\t<div class=\"elementor-element elementor-element-e66f458 elementor-widget elementor-widget-heading\" data-id=\"e66f458\" data-element_type=\"widget\" data-widget_type=\"heading.default\">\n\t\t\t\t<div class=\"elementor-widget-container\">\n\t\t\t\t\t<h2 class=\"elementor-heading-title elementor-size-default\">Terms and conditions of sale<\/h2>\t\t\t\t<\/div>\n\t\t\t\t<\/div>\n\t\t\t\t<div class=\"elementor-element elementor-element-fbf30da elementor-widget elementor-widget-text-editor\" data-id=\"fbf30da\" data-element_type=\"widget\" data-widget_type=\"text-editor.default\">\n\t\t\t\t<div class=\"elementor-widget-container\">\n\t\t\t\t\t\t\t\t\t<h2>Company information<\/h2>\n<address><strong>Cleangroove Company<\/strong>\n13 lot. de Lorient\n33670 Sadirac\nContact details : <a href=\"mailto:contact@cleangroove.fr\">contact@cleangroove.fr<\/a><\/address>\n<h2>Products<\/h2>\nLes produits propos\u00e9s \u00e0 la vente par la Soci\u00e9t\u00e9 Cleangroove incluent, sans s&rsquo;y limiter, le Cleangroove nettoyeur vinyle \u00e0 ultrason, des pochettes et des diviseurs.\n<h2>Controls<\/h2>\nOrders are only accepted via the Cleangroove website. All prices include VAT.\n<h3>Order process<\/h3>\nOrders must be placed via the website. Customers must select the products they wish to purchase and add them to their basket. After checking the details of the order and, if necessary, modifying the contents of the basket, the customer will validate the order and proceed to payment.\n<h2>Payment methods<\/h2>\nThe payment methods accepted on the site are bank cards via a secure payment system.\n\n&nbsp;\n<h2>Delivery<\/h2>\nLa Soci\u00e9t\u00e9 Cleangroove livre ses produits en France m\u00e9tropolitaine. Le d\u00e9lai de livraison varie en fonction de l&rsquo;adresse du destinataire.\n<h3>Delivery guarantees<\/h3>\n        <p>Delivery guarantees are those provided by the carriers. In the event of delivery\n            please contact the carrier directly.<\/p>\n<h2>Guarantees<\/h2>\nPlease refer to the warranty section for details of the warranties applicable to Cleangroove v2.1 and Cleangroove v2.1 Limited products.\n<h2>Customer service<\/h2>\nFor any question or request for information concerning the products or the follow-up of an order, the customer can contact the customer service by e-mail at the address : <a href=\"mailto:contact@cleangroove.fr\">contact@cleangroove.fr<\/a>.\n<h2>Right of withdrawal<\/h2>\nConform\u00e9ment \u00e0 la l\u00e9gislation en vigueur, les clients disposent d&rsquo;un d\u00e9lai de quatorze (14) jours \u00e0 compter de la r\u00e9ception de la commande pour exercer leur droit de r\u00e9tractation sans avoir \u00e0 justifier de motifs ni \u00e0 payer de p\u00e9nalit\u00e9s, \u00e0 l\u2019exception des frais de retour qui restent \u00e0 la charge du client.\n<h2>Liability<\/h2>\nLa soci\u00e9t\u00e9 Cleangroove ne saurait \u00eatre tenue pour responsable de l&rsquo;inex\u00e9cution du contrat conclu, due \u00e0 la survenance d&rsquo;un \u00e9v\u00e9nement de force majeure et notamment en cas de gr\u00e8ve ou d&rsquo;intemp\u00e9rie emp\u00eachant l&rsquo;exp\u00e9dition des produits.\n<h2>Applicable law and jurisdiction<\/h2>\nThese General Terms and Conditions of Sale and the contractual relationship between Cleangroove and its customers are subject to French law. Any dispute relating to the commercial relationship between the Customer and Cleangroove is subject to the exclusive jurisdiction of the French courts.\n<h2>Modification of the General Terms and Conditions of Sale<\/h2>\nCleangroove reserves the right to modify these General Terms and Conditions of Sale at any time. The General Terms and Conditions of Sale applicable to each order are those in force on the date the order is confirmed.\t\t\t\t\t\t\t\t<\/div>\n\t\t\t\t<\/div>\n\t\t\t\t<div class=\"elementor-element elementor-element-00f4d62 elementor-widget-divider--view-line elementor-widget elementor-widget-divider\" data-id=\"00f4d62\" data-element_type=\"widget\" data-widget_type=\"divider.default\">\n\t\t\t\t<div class=\"elementor-widget-container\">\n\t\t\t\t\t\t\t<div class=\"elementor-divider\">\n\t\t\t<span class=\"elementor-divider-separator\">\n\t\t\t\t\t\t<\/span>\n\t\t<\/div>\n\t\t\t\t\t\t<\/div>\n\t\t\t\t<\/div>\n\t\t\t\t<div class=\"elementor-element elementor-element-72a986dd elementor-widget elementor-widget-heading\" data-id=\"72a986dd\" data-element_type=\"widget\" data-widget_type=\"heading.default\">\n\t\t\t\t<div class=\"elementor-widget-container\">\n\t\t\t\t\t<h2 class=\"elementor-heading-title elementor-size-default\">WARRANTY CONDITIONS FOR \"CLEANGROOVE V2.1\" AND \"CLEANGROOVE V2.1 LIMITED\" PRODUCTS<\/h2>\t\t\t\t<\/div>\n\t\t\t\t<\/div>\n\t\t\t\t<div class=\"elementor-element elementor-element-6c8f2feb elementor-widget elementor-widget-text-editor\" data-id=\"6c8f2feb\" data-element_type=\"widget\" data-widget_type=\"text-editor.default\">\n\t\t\t\t<div class=\"elementor-widget-container\">\n\t\t\t\t\t\t\t\t\t    <h3>Duration of the guarantee<\/h3>\n    <p>Les produits \u00ab\u00a0Cleangroove v2.1\u00a0\u00bb et \u00ab\u00a0Cleangroove v2.1 limit\u00e9\u00a0\u00bb sont couverts par une garantie d&rsquo;une dur\u00e9e d&rsquo;un an \u00e0 compter de la date d&rsquo;achat initial.<\/p>\n    \n    <h3>Scope of the guarantee<\/h3>\n    <p>La garantie couvre les pi\u00e8ces et la main-d&rsquo;\u0153uvre n\u00e9cessaires \u00e0 la r\u00e9paration ou au remplacement des produits, en cas de d\u00e9faut de fabrication ou de mat\u00e9riaux, dans des conditions d&rsquo;utilisation normale.<\/p>\n    \n    <h3>Normal use<\/h3>\n    <p>L&rsquo;utilisation normale des produits \u00ab\u00a0Cleangroove v2.1\u00a0\u00bb et \u00ab\u00a0Cleangroove v2.1 limit\u00e9\u00a0\u00bb est d\u00e9finie comme l&rsquo;utilisation conforme aux instructions fournies dans le manuel d&rsquo;utilisation fourni avec les produits. Toute utilisation abusive, n\u00e9gligence, modification non autoris\u00e9e ou toute autre utilisation non conforme aux instructions entra\u00eenera l&rsquo;annulation de la garantie.<\/p>\n    \n    <h3>Repair or replacement<\/h3>\n    <p>En cas de d\u00e9faut couvert par la garantie, le fabricant s&rsquo;engage \u00e0 r\u00e9parer ou \u00e0 remplacer les produits \u00ab\u00a0Cleangroove v2.1\u00a0\u00bb et \u00ab\u00a0Cleangroove v2.1 limit\u00e9\u00a0\u00bb, \u00e0 sa discr\u00e9tion, sans frais suppl\u00e9mentaires pour le propri\u00e9taire, y compris les frais de main-d&rsquo;\u0153uvre et de pi\u00e8ces.<\/p>\n    \n    <h3>Warranty exclusions<\/h3>\n    <p>The guarantee does not cover damage caused by misuse, negligence, accident, natural disaster, incorrect installation, unauthorised modification, commercial use, use in an unsuitable environment, use of non-recommended products or any other similar incident or situation.<\/p>\n    \n    <h3>Warranty claims<\/h3>\n    <p>Pour faire une r\u00e9clamation de garantie, le propri\u00e9taire des produits \u00ab\u00a0Cleangroove v2.1\u00a0\u00bb et \u00ab\u00a0Cleangroove v2.1 limit\u00e9\u00a0\u00bb doit contacter le service client du fabricant dans un d\u00e9lai raisonnable apr\u00e8s la d\u00e9couverte du d\u00e9faut. Une preuve d&rsquo;achat, telle qu&rsquo;un re\u00e7u ou une facture, peut \u00eatre requise pour valider la garantie.<\/p>\n    \n    <h3>Limitation of liability<\/h3>\n    <p>Dans la mesure maximale permise par la loi applicable, la responsabilit\u00e9 du fabricant envers le propri\u00e9taire des produits \u00ab\u00a0Cleangroove v2.1\u00a0\u00bb et \u00ab\u00a0Cleangroove v2.1 limit\u00e9\u00a0\u00bb est limit\u00e9e \u00e0 la r\u00e9paration ou au remplacement des produits conform\u00e9ment aux termes de cette garantie. En aucun cas, le fabricant ne sera responsable des dommages indirects, sp\u00e9ciaux, cons\u00e9cutifs ou accidentels.<\/p>\n    \n    <h3>Legal rights<\/h3>\n    <p>Les droits du propri\u00e9taire des produits \u00ab\u00a0Cleangroove v2.1\u00a0\u00bb et \u00ab\u00a0Cleangroove v2.1 limit\u00e9\u00a0\u00bb en vertu de cette garantie s&rsquo;ajoutent aux droits l\u00e9gaux qui peuvent varier en fonction de la juridiction. Cette garantie n&rsquo;affecte pas les droits statutaires du propri\u00e9taire.<\/p>\n    \n    <p><em>Veuillez noter que les pr\u00e9sentes conditions de garantie sont sujettes \u00e0 modification sans pr\u00e9avis. Il est recommand\u00e9 de consulter la documentation des produits pour obtenir les conditions de garantie les plus r\u00e9centes au moment de l&rsquo;achat.<\/em><\/p>\t\t\t\t\t\t\t\t<\/div>\n\t\t\t\t<\/div>\n\t\t\t\t\t<\/div>\n\t\t<\/div>\n\t\t\t\t\t<\/div>\n\t\t<\/section>\n\t\t\t\t<\/div>","protected":false},"excerpt":{"rendered":"<p>Conditions G\u00e9n\u00e9rales de Vente Informations sur la Soci\u00e9t\u00e9 Soci\u00e9t\u00e9 Cleangroove 13 lot. de Lorient 33670 Sadirac Moyen de contact : contact@cleangroove.fr Produits Les produits propos\u00e9s \u00e0 la vente par la Soci\u00e9t\u00e9 Cleangroove incluent, sans s&rsquo;y limiter, le Cleangroove nettoyeur vinyle \u00e0 ultrason, des pochettes et des diviseurs. Commandes Les commandes sont accept\u00e9es uniquement via le [&hellip;]<\/p>","protected":false},"author":1,"featured_media":0,"parent":0,"menu_order":0,"comment_status":"closed","ping_status":"closed","template":"","meta":{"_acf_changed":false,"inline_featured_image":false,"footnotes":""},"class_list":["post-6083","page","type-page","status-publish","hentry"],"acf":[],"_links":{"self":[{"href":"https:\/\/cleangroove.fr\/en\/wp-json\/wp\/v2\/pages\/6083","targetHints":{"allow":["GET"]}}],"collection":[{"href":"https:\/\/cleangroove.fr\/en\/wp-json\/wp\/v2\/pages"}],"about":[{"href":"https:\/\/cleangroove.fr\/en\/wp-json\/wp\/v2\/types\/page"}],"author":[{"embeddable":true,"href":"https:\/\/cleangroove.fr\/en\/wp-json\/wp\/v2\/users\/1"}],"replies":[{"embeddable":true,"href":"https:\/\/cleangroove.fr\/en\/wp-json\/wp\/v2\/comments?post=6083"}],"version-history":[{"count":0,"href":"https:\/\/cleangroove.fr\/en\/wp-json\/wp\/v2\/pages\/6083\/revisions"}],"wp:attachment":[{"href":"https:\/\/cleangroove.fr\/en\/wp-json\/wp\/v2\/media?parent=6083"}],"curies":[{"name":"wp","href":"https:\/\/api.w.org\/{rel}","templated":true}]}}