{"id":53,"date":"2023-02-05T16:18:26","date_gmt":"2023-02-05T15:18:26","guid":{"rendered":"http:\/\/www.preprod.cleangroovev2.com\/index.php\/about-us\/"},"modified":"2024-11-30T10:17:09","modified_gmt":"2024-11-30T09:17:09","slug":"about-us","status":"publish","type":"page","link":"https:\/\/cleangroove.fr\/en\/about-us\/","title":{"rendered":"About us"},"content":{"rendered":"<div data-elementor-type=\"wp-page\" data-elementor-id=\"53\" class=\"elementor elementor-53\" data-elementor-post-type=\"page\">\n\t\t\t\t<div class=\"elementor-element elementor-element-14a8f353 e-con-full e-flex e-con e-parent\" data-id=\"14a8f353\" data-element_type=\"container\" data-e-type=\"container\" data-settings=\"{&quot;background_background&quot;:&quot;classic&quot;}\">\n\t\t\t\t<div class=\"elementor-element elementor-element-e82eeb3 elementor-widget__width-inherit elementor-absolute elementor-widget elementor-widget-image\" data-id=\"e82eeb3\" data-element_type=\"widget\" data-e-type=\"widget\" data-settings=\"{&quot;_position&quot;:&quot;absolute&quot;}\" data-widget_type=\"image.default\">\n\t\t\t\t<div class=\"elementor-widget-container\">\n\t\t\t\t\t\t\t\t\t\t\t\t\t\t\t<img decoding=\"async\" width=\"816\" height=\"55\" src=\"https:\/\/cleangroove.fr\/wp-content\/uploads\/2023\/06\/vague-blanc.svg\" class=\"attachment-full size-full wp-image-5915\" alt=\"Cleangroove - Nettoyeur de vinyles \u00e0 ultrasons\" title=\"Nettoyeur de Vinyles \u00e0 Ultrasons CleanGroove\">\t\t\t\t\t\t\t\t\t\t\t\t\t\t\t<\/div>\n\t\t\t\t<\/div>\n\t\t\t\t<\/div>\n\t\t<div class=\"elementor-element elementor-element-7c50cf98 e-con-full e-flex e-con e-parent\" data-id=\"7c50cf98\" data-element_type=\"container\" data-e-type=\"container\">\n\t\t\t\t<div class=\"elementor-element elementor-element-f5a783d elementor-widget__width-inherit elementor-widget elementor-widget-woocommerce-breadcrumb\" data-id=\"f5a783d\" data-element_type=\"widget\" data-e-type=\"widget\" data-widget_type=\"woocommerce-breadcrumb.default\">\n\t\t\t\t<div class=\"elementor-widget-container\">\n\t\t\t\t\t<nav class=\"woocommerce-breadcrumb\" aria-label=\"Breadcrumb\" data-no-translation=\"\" data-trp-gettext=\"\">Accueil<\/nav>\t\t\t\t<\/div>\n\t\t\t\t<\/div>\n\t\t\t\t<\/div>\n\t\t\t\t<section class=\"elementor-section elementor-top-section elementor-element elementor-element-3a0df14c elementor-section-boxed elementor-section-height-default elementor-section-height-default\" data-id=\"3a0df14c\" data-element_type=\"section\" data-e-type=\"section\">\n\t\t\t\t\t\t<div class=\"elementor-container elementor-column-gap-default\">\n\t\t\t\t\t<div class=\"elementor-column elementor-col-100 elementor-top-column elementor-element elementor-element-17a1a499\" data-id=\"17a1a499\" data-element_type=\"column\" data-e-type=\"column\">\n\t\t\t<div class=\"elementor-widget-wrap elementor-element-populated\">\n\t\t\t\t\t\t<div class=\"elementor-element elementor-element-4a2e07a5 elementor-widget elementor-widget-heading\" data-id=\"4a2e07a5\" data-element_type=\"widget\" data-e-type=\"widget\" data-widget_type=\"heading.default\">\n\t\t\t\t<div class=\"elementor-widget-container\">\n\t\t\t\t\t<h2 class=\"elementor-heading-title elementor-size-default\">The history of Cleangroove<\/h2>\t\t\t\t<\/div>\n\t\t\t\t<\/div>\n\t\t\t\t<div class=\"elementor-element elementor-element-130d6978 elementor-widget elementor-widget-text-editor\" data-id=\"130d6978\" data-element_type=\"widget\" data-e-type=\"widget\" data-widget_type=\"text-editor.default\">\n\t\t\t\t<div class=\"elementor-widget-container\">\n\t\t\t\t\t\t\t\t\t<p>En tant que vendeur passionn\u00e9 de vinyles depuis plus de 20 ans, j&rsquo;ai toujours \u00e9t\u00e9 pr\u00e9occup\u00e9 par l&rsquo;entretien des disques pour offrir la meilleure qualit\u00e9 audio possible.<\/p><p>Apr\u00e8s avoir effectu\u00e9 de nombreux tests sur diverses machines de nettoyage, j&rsquo;ai finalement d\u00e9couvert que l&rsquo;ultrason \u00e9tait la seule alternative pour moi. Cependant, les co\u00fbts \u00e9lev\u00e9s des machines m&rsquo;ont conduit \u00e0 chercher une alternative durable et accessible pour le grand public.<\/p><p>C&rsquo;est ainsi que j&rsquo;ai lanc\u00e9 la premi\u00e8re version de CleanGroove, qui a \u00e9t\u00e9 accueillie avec enthousiasme par les consommateurs.<\/p><p>Deux ans plus tard, j&rsquo;ai d\u00e9cid\u00e9 de lancer la version V2 de CleanGroove, dot\u00e9e d&rsquo;un design plus moderne et de nouvelles fonctionnalit\u00e9s pour offrir une exp\u00e9rience encore plus satisfaisante aux utilisateurs. Je suis fier de ce produit et je suis convaincu qu&rsquo;il sera accueilli avec autant d&rsquo;enthousiasme que la premi\u00e8re version.<\/p><p>Mon objectif est de permettre \u00e0 tous de profiter de la beaut\u00e9 et de la qualit\u00e9 sonore des vinyles, sans avoir \u00e0 d\u00e9penser une fortune pour l&rsquo;entretien.<\/p><p>Je suis passionn\u00e9 par l&rsquo;id\u00e9e de rendre la musique analogique accessible \u00e0 tous et de contribuer \u00e0 pr\u00e9server le patrimoine culturel des vinyles pour les g\u00e9n\u00e9rations futures.<\/p>\t\t\t\t\t\t\t\t<\/div>\n\t\t\t\t<\/div>\n\t\t\t\t\t<\/div>\n\t\t<\/div>\n\t\t\t\t\t<\/div>\n\t\t<\/section>\n\t\t\t\t<\/div>","protected":false},"excerpt":{"rendered":"<p>L&rsquo;histoire de Cleangroove En tant que vendeur passionn\u00e9 de vinyles depuis plus de 20 ans, j&rsquo;ai toujours \u00e9t\u00e9 pr\u00e9occup\u00e9 par l&rsquo;entretien des disques pour offrir la meilleure qualit\u00e9 audio possible. Apr\u00e8s avoir effectu\u00e9 de nombreux tests sur diverses machines de nettoyage, j&rsquo;ai finalement d\u00e9couvert que l&rsquo;ultrason \u00e9tait la seule alternative pour moi. Cependant, les co\u00fbts [&hellip;]<\/p>","protected":false},"author":1,"featured_media":2530,"parent":0,"menu_order":4,"comment_status":"closed","ping_status":"closed","template":"","meta":{"_acf_changed":false,"inline_featured_image":false,"footnotes":""},"class_list":["post-53","page","type-page","status-publish","has-post-thumbnail","hentry"],"acf":[],"_links":{"self":[{"href":"https:\/\/cleangroove.fr\/en\/wp-json\/wp\/v2\/pages\/53","targetHints":{"allow":["GET"]}}],"collection":[{"href":"https:\/\/cleangroove.fr\/en\/wp-json\/wp\/v2\/pages"}],"about":[{"href":"https:\/\/cleangroove.fr\/en\/wp-json\/wp\/v2\/types\/page"}],"author":[{"embeddable":true,"href":"https:\/\/cleangroove.fr\/en\/wp-json\/wp\/v2\/users\/1"}],"replies":[{"embeddable":true,"href":"https:\/\/cleangroove.fr\/en\/wp-json\/wp\/v2\/comments?post=53"}],"version-history":[{"count":0,"href":"https:\/\/cleangroove.fr\/en\/wp-json\/wp\/v2\/pages\/53\/revisions"}],"wp:featuredmedia":[{"embeddable":true,"href":"https:\/\/cleangroove.fr\/en\/wp-json\/wp\/v2\/media\/2530"}],"wp:attachment":[{"href":"https:\/\/cleangroove.fr\/en\/wp-json\/wp\/v2\/media?parent=53"}],"curies":[{"name":"wp","href":"https:\/\/api.w.org\/{rel}","templated":true}]}}